{"id":57,"date":"2025-01-06T16:15:18","date_gmt":"2025-01-06T15:15:18","guid":{"rendered":"https:\/\/sophie-soins-energetiques-cannes.com\/?page_id=57"},"modified":"2025-11-03T14:52:47","modified_gmt":"2025-11-03T13:52:47","slug":"soins-energetiques","status":"publish","type":"page","link":"https:\/\/sophie-soins-energetiques-cannes.com\/index.php\/soins-energetiques\/","title":{"rendered":"Soins Energ\u00e9tiques"},"content":{"rendered":"\t\t<div data-elementor-type=\"wp-page\" data-elementor-id=\"57\" class=\"elementor elementor-57\">\n\t\t\t\t<div class=\"elementor-element elementor-element-745cf59 e-flex e-con-boxed e-con e-parent\" data-id=\"745cf59\" data-element_type=\"container\" data-e-type=\"container\">\n\t\t\t\t\t<div class=\"e-con-inner\">\n\t\t\t\t<div class=\"elementor-element elementor-element-7b88920 elementor-widget elementor-widget-heading\" data-id=\"7b88920\" data-element_type=\"widget\" data-e-type=\"widget\" data-widget_type=\"heading.default\">\n\t\t\t\t<div class=\"elementor-widget-container\">\n\t\t\t\t\t<h2 class=\"elementor-heading-title elementor-size-default\">D\u00e9roul\u00e9 d'une s\u00e9ance<\/h2>\t\t\t\t<\/div>\n\t\t\t\t<\/div>\n\t\t\t\t\t<\/div>\n\t\t\t\t<\/div>\n\t\t<div class=\"elementor-element elementor-element-93274f3 e-flex e-con-boxed e-con e-parent\" data-id=\"93274f3\" data-element_type=\"container\" data-e-type=\"container\">\n\t\t\t\t\t<div class=\"e-con-inner\">\n\t\t<div class=\"elementor-element elementor-element-c85b9a4 e-con-full e-flex e-con e-child\" data-id=\"c85b9a4\" data-element_type=\"container\" data-e-type=\"container\">\n\t\t\t\t<div class=\"elementor-element elementor-element-bbb2ff8 elementor-widget__width-initial elementor-widget elementor-widget-text-editor\" data-id=\"bbb2ff8\" data-element_type=\"widget\" data-e-type=\"widget\" data-widget_type=\"text-editor.default\">\n\t\t\t\t<div class=\"elementor-widget-container\">\n\t\t\t\t\t\t\t\t\t<p>Une s\u00e9ance dure entre <strong>1h et 1h30<\/strong>, selon vos besoins identifi\u00e9s au pr\u00e9alable.<\/p><p>Sur un fond sonore zen et m\u00e9ditatif, vous vous laisserez aller dans le<strong> bien-\u00eatre et la s\u00e9r\u00e9nit\u00e9<\/strong>. L\u2019<a title=\"Radiesth\u00e9sie\" href=\"https:\/\/sophie-soins-energetiques-cannes.com\/index.php\/radiesthesie\/\">utilisation du pendule &#8211; <\/a>entre autres &#8211; comme outil intuitif, peut compl\u00e9ter mon intervention lors de votre s\u00e9ance.<\/p><p><em>Vous \u00eates libre de venir avec votre propre serviette si vous le souhaitez. Lors des s\u00e9ances, il peut y avoir un contact physique avec mes mains, ou non si vous n&rsquo;\u00eates pas \u00e0 l&rsquo;aise avec cette pratique.<\/em><\/p>\t\t\t\t\t\t\t\t<\/div>\n\t\t\t\t<\/div>\n\t\t\t\t<\/div>\n\t\t<div class=\"elementor-element elementor-element-212aaaf e-con-full e-flex e-con e-child\" data-id=\"212aaaf\" data-element_type=\"container\" data-e-type=\"container\">\n\t\t\t\t<div class=\"elementor-element elementor-element-690e32c elementor-widget elementor-widget-image\" data-id=\"690e32c\" data-element_type=\"widget\" data-e-type=\"widget\" data-widget_type=\"image.default\">\n\t\t\t\t<div class=\"elementor-widget-container\">\n\t\t\t\t\t\t\t\t\t\t\t\t\t\t\t<img fetchpriority=\"high\" decoding=\"async\" width=\"300\" height=\"300\" src=\"https:\/\/sophie-soins-energetiques-cannes.com\/wp-content\/uploads\/2025\/01\/sophie-renac-soins.jpg\" class=\"attachment-medium size-medium wp-image-181\" alt=\"S\u00e9ance de soins \u00e9nerg\u00e9tiques avec relaxation et harmonisation des \u00e9nergies\" srcset=\"https:\/\/sophie-soins-energetiques-cannes.com\/wp-content\/uploads\/2025\/01\/sophie-renac-soins.jpg 300w, https:\/\/sophie-soins-energetiques-cannes.com\/wp-content\/uploads\/2025\/01\/sophie-renac-soins-150x150.jpg 150w, https:\/\/sophie-soins-energetiques-cannes.com\/wp-content\/uploads\/2025\/01\/sophie-renac-soins-45x45.jpg 45w, https:\/\/sophie-soins-energetiques-cannes.com\/wp-content\/uploads\/2025\/01\/sophie-renac-soins-100x100.jpg 100w\" sizes=\"(max-width: 300px) 100vw, 300px\" \/>\t\t\t\t\t\t\t\t\t\t\t\t\t\t\t<\/div>\n\t\t\t\t<\/div>\n\t\t\t\t<\/div>\n\t\t\t\t\t<\/div>\n\t\t\t\t<\/div>\n\t\t<div class=\"elementor-element elementor-element-b89dba4 e-flex e-con-boxed e-con e-parent\" data-id=\"b89dba4\" data-element_type=\"container\" data-e-type=\"container\">\n\t\t\t\t\t<div class=\"e-con-inner\">\n\t\t\t\t<div class=\"elementor-element elementor-element-08cdcf9 elementor-widget elementor-widget-heading\" data-id=\"08cdcf9\" data-element_type=\"widget\" data-e-type=\"widget\" data-widget_type=\"heading.default\">\n\t\t\t\t<div class=\"elementor-widget-container\">\n\t\t\t\t\t<h3 class=\"elementor-heading-title elementor-size-default\">De 50 \u00e0 70 euros, selon le soin et le temps pass\u00e9<\/h3>\t\t\t\t<\/div>\n\t\t\t\t<\/div>\n\t\t\t\t\t<\/div>\n\t\t\t\t<\/div>\n\t\t<div class=\"elementor-element elementor-element-cdd37d7 e-flex e-con-boxed e-con e-parent\" data-id=\"cdd37d7\" data-element_type=\"container\" data-e-type=\"container\">\n\t\t\t\t\t<div class=\"e-con-inner\">\n\t\t\t\t<div class=\"elementor-element elementor-element-cffe86d elementor-widget elementor-widget-text-editor\" data-id=\"cffe86d\" data-element_type=\"widget\" data-e-type=\"widget\" data-widget_type=\"text-editor.default\">\n\t\t\t\t<div class=\"elementor-widget-container\">\n\t\t\t\t\t\t\t\t\t<p>Dans cet espace sacr\u00e9, je vous accompagne avec <strong>confiance<\/strong>, sans intrusion et dans le respect de votre confidentialit\u00e9. En honorant l&rsquo;<strong>abondance de l&rsquo;Univers<\/strong> et l&rsquo;aide pr\u00e9cieuse de vos guides, je cultive la <strong>gratitude<\/strong> envers les ressources et \u00e9nergies naturelles qui nous entourent. Je respecte pleinement votre <strong>libre arbitre<\/strong> et votre <strong>intimit\u00e9<\/strong>. Chaque soin est impr\u00e9gn\u00e9 d&rsquo;<strong>amour<\/strong> et de <strong>bienveillance<\/strong>, afin de favoriser votre bien-\u00eatre et votre \u00e9panouissement.<\/p>\t\t\t\t\t\t\t\t<\/div>\n\t\t\t\t<\/div>\n\t\t\t\t\t<\/div>\n\t\t\t\t<\/div>\n\t\t<div class=\"elementor-element elementor-element-66309e7 e-flex e-con-boxed e-con e-parent\" data-id=\"66309e7\" data-element_type=\"container\" data-e-type=\"container\">\n\t\t\t\t\t<div class=\"e-con-inner\">\n\t\t<div class=\"elementor-element elementor-element-bfcfac3 e-con-full e-flex e-con e-child\" data-id=\"bfcfac3\" data-element_type=\"container\" data-e-type=\"container\">\n\t\t\t\t<div class=\"elementor-element elementor-element-c693fef elementor-widget elementor-widget-text-editor\" data-id=\"c693fef\" data-element_type=\"widget\" data-e-type=\"widget\" data-widget_type=\"text-editor.default\">\n\t\t\t\t<div class=\"elementor-widget-container\">\n\t\t\t\t\t\t\t\t\t<p><span style=\"color: #99cc00;\"><strong><span style=\"color: #000000;\">S<\/span>\u00e9r\u00e9nit\u00e9 <\/strong><\/span><span style=\"text-align: var(--text-align); background-color: var(--fifty50-colour-body-bg); color: var(--fifty50-colour-body-text); font-family: var(--fifty50-font-primary);\">\u00ab\u00a0Tranquillit\u00e9 dans chaque moment.\u00a0\u00bb<\/span><\/p><p><span style=\"color: #99cc00;\"><strong><span style=\"color: #000000;\">O<\/span>uverture <\/strong><\/span>\u00ab\u00a0Accueillir sans jugement.\u00a0\u00bb<\/p><p><span style=\"color: #99cc00;\"><strong><span style=\"color: #000000;\">P<\/span>atience <\/strong><\/span>\u00ab\u00a0Accepter de prendre le temps.\u00a0\u00bb<\/p><p><span style=\"color: #99cc00;\"><strong><span style=\"color: #000000;\">H<\/span>armonie <\/strong><\/span>\u00ab\u00a0Vivre en accord avec soi-m\u00eame.\u00a0\u00bb<\/p><p><span style=\"color: #99cc00;\"><strong><span style=\"color: #000000;\">I<\/span>ntuition <\/strong><\/span>\u00ab\u00a0Se connecter \u00e0 sa sagesse int\u00e9rieure.\u00a0\u00bb<\/p><p><span style=\"color: #99cc00;\"><strong><span style=\"color: #000000;\">E<\/span>quilibre <\/strong><\/span>\u00ab\u00a0Aligner l\u2019esprit et les \u00e9motions.\u00a0\u00bb<\/p>\t\t\t\t\t\t\t\t<\/div>\n\t\t\t\t<\/div>\n\t\t\t\t<\/div>\n\t\t<div class=\"elementor-element elementor-element-5b88ff0 e-con-full e-flex e-con e-child\" data-id=\"5b88ff0\" data-element_type=\"container\" data-e-type=\"container\">\n\t\t\t\t<div class=\"elementor-element elementor-element-2937a8c elementor-widget elementor-widget-image\" data-id=\"2937a8c\" data-element_type=\"widget\" data-e-type=\"widget\" data-widget_type=\"image.default\">\n\t\t\t\t<div class=\"elementor-widget-container\">\n\t\t\t\t\t\t\t\t\t\t\t\t\t\t\t<img decoding=\"async\" width=\"300\" height=\"300\" src=\"https:\/\/sophie-soins-energetiques-cannes.com\/wp-content\/uploads\/2025\/01\/sophie-renac-credo-1.jpg\" class=\"attachment-medium size-medium wp-image-230\" alt=\"Sophie Renac pratique des soins \u00e9nerg\u00e9tiques dans un cadre zen et apaisant\" srcset=\"https:\/\/sophie-soins-energetiques-cannes.com\/wp-content\/uploads\/2025\/01\/sophie-renac-credo-1.jpg 300w, https:\/\/sophie-soins-energetiques-cannes.com\/wp-content\/uploads\/2025\/01\/sophie-renac-credo-1-150x150.jpg 150w, https:\/\/sophie-soins-energetiques-cannes.com\/wp-content\/uploads\/2025\/01\/sophie-renac-credo-1-45x45.jpg 45w, https:\/\/sophie-soins-energetiques-cannes.com\/wp-content\/uploads\/2025\/01\/sophie-renac-credo-1-100x100.jpg 100w\" sizes=\"(max-width: 300px) 100vw, 300px\" \/>\t\t\t\t\t\t\t\t\t\t\t\t\t\t\t<\/div>\n\t\t\t\t<\/div>\n\t\t\t\t<\/div>\n\t\t\t\t\t<\/div>\n\t\t\t\t<\/div>\n\t\t<div class=\"elementor-element elementor-element-d076ceb e-flex e-con-boxed e-con e-parent\" data-id=\"d076ceb\" data-element_type=\"container\" data-e-type=\"container\">\n\t\t\t\t\t<div class=\"e-con-inner\">\n\t\t\t\t<div class=\"elementor-element elementor-element-e3db11d elementor-widget elementor-widget-heading\" data-id=\"e3db11d\" data-element_type=\"widget\" data-e-type=\"widget\" data-widget_type=\"heading.default\">\n\t\t\t\t<div class=\"elementor-widget-container\">\n\t\t\t\t\t<h2 class=\"elementor-heading-title elementor-size-default\">Organisation des s\u00e9ances<\/h2>\t\t\t\t<\/div>\n\t\t\t\t<\/div>\n\t\t\t\t\t<\/div>\n\t\t\t\t<\/div>\n\t\t<div class=\"elementor-element elementor-element-c69f66e e-flex e-con-boxed e-con e-parent\" data-id=\"c69f66e\" data-element_type=\"container\" data-e-type=\"container\">\n\t\t\t\t\t<div class=\"e-con-inner\">\n\t\t\t\t<div class=\"elementor-element elementor-element-776337b elementor-widget elementor-widget-text-editor\" data-id=\"776337b\" data-element_type=\"widget\" data-e-type=\"widget\" data-widget_type=\"text-editor.default\">\n\t\t\t\t<div class=\"elementor-widget-container\">\n\t\t\t\t\t\t\t\t\t<p data-start=\"1508\" data-end=\"1860\">Apr\u00e8s un premier contact t\u00e9l\u00e9phonique pour \u00e9changer rapidement sur vos besoins ou intentions du moment, les s\u00e9ances se font uniquement sur <strong data-start=\"1667\" data-end=\"1682\">rendez-vous<\/strong>. Je pratique les soins \u00e0 distance, \u00e0 domicile (suppl\u00e9ment 5 \u20ac dans un rayon de 5 km autour de Cannes), ainsi qu\u2019\u00e0 l\u2019<strong data-start=\"1799\" data-end=\"1815\">Espace Aloha<\/strong>, 46 avenue Michel Jourdan, 06150 La Bocca.<\/p><p data-start=\"1862\" data-end=\"2066\">Chaque s\u00e9ance vise \u00e0 <strong data-start=\"1883\" data-end=\"1920\">lib\u00e9rer les blocages \u00e9nerg\u00e9tiques<\/strong>, r\u00e9tablir la circulation de l\u2019\u00e9nergie vitale, harmoniser les corps subtils et favoriser votre \u00e9panouissement physique, \u00e9motionnel, mental et spirituel.<\/p><p style=\"text-align: center;\" data-start=\"2068\" data-end=\"2167\"><em>Au plaisir de vous accompagner sur votre chemin vers le <strong data-start=\"2124\" data-end=\"2164\">bien-\u00eatre, l\u2019harmonie et l\u2019\u00e9quilibre<\/strong>.<\/em><\/p>\t\t\t\t\t\t\t\t<\/div>\n\t\t\t\t<\/div>\n\t\t\t\t\t<\/div>\n\t\t\t\t<\/div>\n\t\t\t\t<\/div>\n\t\t","protected":false},"excerpt":{"rendered":"<p>D\u00e9roul\u00e9 d&rsquo;une s\u00e9ance Une s\u00e9ance dure entre 1h et 1h30, selon vos besoins identifi\u00e9s au pr\u00e9alable. Sur un fond sonore zen et m\u00e9ditatif, vous vous&hellip;<\/p>\n","protected":false},"author":1,"featured_media":0,"parent":0,"menu_order":0,"comment_status":"closed","ping_status":"closed","template":"","meta":{"om_disable_all_campaigns":false,"_monsterinsights_skip_tracking":false,"_monsterinsights_sitenote_active":false,"_monsterinsights_sitenote_note":"","_monsterinsights_sitenote_category":0,"footnotes":""},"class_list":["post-57","page","type-page","status-publish","hentry"],"aioseo_notices":[],"_links":{"self":[{"href":"https:\/\/sophie-soins-energetiques-cannes.com\/index.php\/wp-json\/wp\/v2\/pages\/57","targetHints":{"allow":["GET"]}}],"collection":[{"href":"https:\/\/sophie-soins-energetiques-cannes.com\/index.php\/wp-json\/wp\/v2\/pages"}],"about":[{"href":"https:\/\/sophie-soins-energetiques-cannes.com\/index.php\/wp-json\/wp\/v2\/types\/page"}],"author":[{"embeddable":true,"href":"https:\/\/sophie-soins-energetiques-cannes.com\/index.php\/wp-json\/wp\/v2\/users\/1"}],"replies":[{"embeddable":true,"href":"https:\/\/sophie-soins-energetiques-cannes.com\/index.php\/wp-json\/wp\/v2\/comments?post=57"}],"version-history":[{"count":118,"href":"https:\/\/sophie-soins-energetiques-cannes.com\/index.php\/wp-json\/wp\/v2\/pages\/57\/revisions"}],"predecessor-version":[{"id":798,"href":"https:\/\/sophie-soins-energetiques-cannes.com\/index.php\/wp-json\/wp\/v2\/pages\/57\/revisions\/798"}],"wp:attachment":[{"href":"https:\/\/sophie-soins-energetiques-cannes.com\/index.php\/wp-json\/wp\/v2\/media?parent=57"}],"curies":[{"name":"wp","href":"https:\/\/api.w.org\/{rel}","templated":true}]}}