{"id":561,"date":"2025-10-24T15:40:10","date_gmt":"2025-10-24T13:40:10","guid":{"rendered":"https:\/\/sophie-soins-energetiques-cannes.com\/?page_id=561"},"modified":"2025-11-03T15:33:32","modified_gmt":"2025-11-03T14:33:32","slug":"mon-cheminement","status":"publish","type":"page","link":"https:\/\/sophie-soins-energetiques-cannes.com\/index.php\/mon-cheminement\/","title":{"rendered":"Mon cheminement"},"content":{"rendered":"\t\t<div data-elementor-type=\"wp-page\" data-elementor-id=\"561\" class=\"elementor elementor-561\">\n\t\t\t\t<div class=\"elementor-element elementor-element-a49a024 e-flex e-con-boxed e-con e-parent\" data-id=\"a49a024\" data-element_type=\"container\" data-e-type=\"container\">\n\t\t\t\t\t<div class=\"e-con-inner\">\n\t\t\t\t<div class=\"elementor-element elementor-element-341a593 elementor-widget elementor-widget-heading\" data-id=\"341a593\" data-element_type=\"widget\" data-e-type=\"widget\" data-widget_type=\"heading.default\">\n\t\t\t\t<div class=\"elementor-widget-container\">\n\t\t\t\t\t<h2 class=\"elementor-heading-title elementor-size-default\">Mon cheminement<\/h2>\t\t\t\t<\/div>\n\t\t\t\t<\/div>\n\t\t\t\t<div class=\"elementor-element elementor-element-25a07cc elementor-widget elementor-widget-text-editor\" data-id=\"25a07cc\" data-element_type=\"widget\" data-e-type=\"widget\" data-widget_type=\"text-editor.default\">\n\t\t\t\t<div class=\"elementor-widget-container\">\n\t\t\t\t\t\t\t\t\t<p>Depuis toujours, je suis anim\u00e9e par le d\u00e9sir profond de <strong>m\u2019ouvrir \u00e0 d\u2019autres dimensions, de comprendre les \u00e9nergies invisibles<\/strong> et de les laisser me guider vers un accompagnement plus conscient. Aujourd\u2019hui, je souhaite vous partager les \u00e9tapes essentielles de ce parcours, de l\u2019initiation \u00e0 la pratique, jusqu\u2019\u00e0 la cr\u00e9ation de ma propre voie en tant que <strong>th\u00e9rapeute \u00e9nerg\u00e9ticienne<\/strong>.<\/p>\t\t\t\t\t\t\t\t<\/div>\n\t\t\t\t<\/div>\n\t\t\t\t\t<\/div>\n\t\t\t\t<\/div>\n\t\t<div class=\"elementor-element elementor-element-74861b7 e-flex e-con-boxed e-con e-parent\" data-id=\"74861b7\" data-element_type=\"container\" data-e-type=\"container\">\n\t\t\t\t\t<div class=\"e-con-inner\">\n\t\t\t\t<div class=\"elementor-element elementor-element-e433dfb elementor-widget elementor-widget-heading\" data-id=\"e433dfb\" data-element_type=\"widget\" data-e-type=\"widget\" data-widget_type=\"heading.default\">\n\t\t\t\t<div class=\"elementor-widget-container\">\n\t\t\t\t\t<h3 class=\"elementor-heading-title elementor-size-default\">2021-2023 : L\u2019approche initiatique<\/h3>\t\t\t\t<\/div>\n\t\t\t\t<\/div>\n\t\t\t\t<div class=\"elementor-element elementor-element-5776397 elementor-widget elementor-widget-text-editor\" data-id=\"5776397\" data-element_type=\"widget\" data-e-type=\"widget\" data-widget_type=\"text-editor.default\">\n\t\t\t\t<div class=\"elementor-widget-container\">\n\t\t\t\t\t\t\t\t\t<p>Au cours de ces deux ann\u00e9es, j\u2019ai commenc\u00e9 \u00e0 me familiariser avec le monde de l\u2019\u00e9nerg\u00e9tique, de la radiesth\u00e9sie et de la lithoth\u00e9rapie \u2014 des disciplines qui, \u00e0 mes yeux, ouvrent la porte \u00e0 une <strong>connaissance subtile et vibratoire de l\u2019\u00eatre.<\/strong><\/p><p>Aux c\u00f4t\u00e9s de th\u00e9rapeutes reconnus, j\u2019ai explor\u00e9 diff\u00e9rents outils : le pendule, les cadrans de radiesth\u00e9sie, l&rsquo;aide \u00e0 l&rsquo;harmonisation des chakras et des \u00e9nergies gr\u00e2ce aux pierres, les notions de taux vibratoire, ainsi que l\u2019<strong>approche des corps subtils.<\/strong><\/p><p>Ces premi\u00e8res exp\u00e9riences m\u2019ont permis de poser les bases de ce qui allait devenir mon chemin.\u00a0<\/p><p>La lithoth\u00e9rapie, quant \u00e0 elle, m\u2019a introduite \u00e0 la puissance des cristaux et \u00e0 leur capacit\u00e9 \u00e0 soutenir un travail d\u2019harmonisation \u00e9nerg\u00e9tique et \u00e9motionnelle.<\/p>\t\t\t\t\t\t\t\t<\/div>\n\t\t\t\t<\/div>\n\t\t\t\t\t<\/div>\n\t\t\t\t<\/div>\n\t\t<div class=\"elementor-element elementor-element-bedc95b e-flex e-con-boxed e-con e-parent\" data-id=\"bedc95b\" data-element_type=\"container\" data-e-type=\"container\">\n\t\t\t\t\t<div class=\"e-con-inner\">\n\t\t\t\t<div class=\"elementor-element elementor-element-7a4e805 elementor-widget elementor-widget-heading\" data-id=\"7a4e805\" data-element_type=\"widget\" data-e-type=\"widget\" data-widget_type=\"heading.default\">\n\t\t\t\t<div class=\"elementor-widget-container\">\n\t\t\t\t\t<h3 class=\"elementor-heading-title elementor-size-default\">2023 : Passage \u00e0 l\u2019apprentissage structur\u00e9<\/h3>\t\t\t\t<\/div>\n\t\t\t\t<\/div>\n\t\t\t\t<div class=\"elementor-element elementor-element-e102d64 elementor-widget elementor-widget-text-editor\" data-id=\"e102d64\" data-element_type=\"widget\" data-e-type=\"widget\" data-widget_type=\"text-editor.default\">\n\t\t\t\t<div class=\"elementor-widget-container\">\n\t\t\t\t\t\t\t\t\t<p><strong>Cette ann\u00e9e marque un tournant<\/strong> : j\u2019ai d\u00e9but\u00e9 des ateliers et techniques en tant qu\u2019apprenante aupr\u00e8s de <a href=\"https:\/\/sandra-galante-energie.com\" target=\"_blank\" rel=\"noopener\"><strong>Sandra Galante<\/strong><\/a>, approfondissant ainsi ma compr\u00e9hension des \u00e9nergies dans un cadre plus structur\u00e9.<\/p>\n<p>Parall\u00e8lement, j\u2019ai suivi une <strong>formation en magn\u00e9tisme<\/strong> inspir\u00e9e des approches de <a href=\"https:\/\/luc-bodin.fr\/\" target=\"_blank\" rel=\"noopener\"><strong>Luc Bodin<\/strong><\/a> et <a href=\"https:\/\/www.florianlucas.com\/\" target=\"_blank\" rel=\"noopener\"><strong>Florian Lucas<\/strong><\/a>, auteurs du livre de r\u00e9f\u00e9rence&nbsp;<strong><a href=\"https:\/\/www.editions-tredaniel.com\/le-grand-livre-du-magnetisme-p-9557.html\" target=\"_blank\" rel=\"noopener noreferrer\">Le Grand Livre du Magn\u00e9tisme<\/a><\/strong>, qui explore les fondements du soin \u00e9nerg\u00e9tique, du r\u00e9\u00e9quilibrage et de la transmission vibratoire.<\/p>\n<p>\u00c0 cette m\u00eame p\u00e9riode, j\u2019ai \u00e9galement suivi une <strong>formation en g\u00e9obiologie<\/strong> aupr\u00e8s de <a href=\"https:\/\/fr.linkedin.com\/in\/fabrizio-d-anna-8b62a8146\" target=\"_blank\" rel=\"noopener\"><strong>Fabrizio D\u2019Anna<\/strong><\/a>, avec attestation obtenue. Cette formation m\u2019a ouvert \u00e0 la dimension des lieux : comprendre comment les r\u00e9seaux telluriques et les m\u00e9moires \u00e9nerg\u00e9tiques des habitats peuvent influencer notre bien-\u00eatre et notre vitalit\u00e9.<\/p>\t\t\t\t\t\t\t\t<\/div>\n\t\t\t\t<\/div>\n\t\t\t\t\t<\/div>\n\t\t\t\t<\/div>\n\t\t<div class=\"elementor-element elementor-element-ff4daee e-flex e-con-boxed e-con e-parent\" data-id=\"ff4daee\" data-element_type=\"container\" data-e-type=\"container\">\n\t\t\t\t\t<div class=\"e-con-inner\">\n\t\t\t\t<div class=\"elementor-element elementor-element-a049e27 elementor-widget elementor-widget-heading\" data-id=\"a049e27\" data-element_type=\"widget\" data-e-type=\"widget\" data-widget_type=\"heading.default\">\n\t\t\t\t<div class=\"elementor-widget-container\">\n\t\t\t\t\t<h3 class=\"elementor-heading-title elementor-size-default\">2024 : Initiation chamanique, voyages et cr\u00e9ation<\/h3>\t\t\t\t<\/div>\n\t\t\t\t<\/div>\n\t\t\t\t<div class=\"elementor-element elementor-element-6c98ca6 elementor-widget elementor-widget-text-editor\" data-id=\"6c98ca6\" data-element_type=\"widget\" data-e-type=\"widget\" data-widget_type=\"text-editor.default\">\n\t\t\t\t<div class=\"elementor-widget-container\">\n\t\t\t\t\t\t\t\t\t<p>En 2024, j\u2019ai \u00e9largi mon champ d\u2019exploration vers les pratiques chamaniques \u00e0 travers une <strong>initiation en pr\u00e9sentiel avec <a href=\"https:\/\/www.sandrinemuller.com\/\" target=\"_blank\" rel=\"noopener\">Sandrine Muller<\/a><\/strong>, auteure et enseignante reconnue dans ce domaine. Cette \u00e9tape m\u2019a permis de relier les pratiques \u00e9nerg\u00e9tiques modernes aux traditions ancestrales du soin et de la nature.<\/p><p>Cette m\u00eame ann\u00e9e, j\u2019ai entrepris deux voyages initiatiques marquants :<\/p><ul><li>en <strong>Mongolie<\/strong>, \u00e0 la rencontre de chamans locaux et de leurs rituels ancestraux,<\/li><li>au <strong>Japon<\/strong>, lors d\u2019un p\u00e8lerinage spirituel o\u00f9 j\u2019ai explor\u00e9 le lien entre \u00e9nergie, nature et sacr\u00e9.<\/li><\/ul><p>Ces exp\u00e9riences m\u2019ont profond\u00e9ment transform\u00e9e : <strong>immersion dans les \u00e9l\u00e9ments de la nature, apprentissage des rituels, connexion \u00e0 la Terre et aux mondes subtils.<\/strong><\/p><p>C\u2019est aussi en 2024 que j\u2019ai fond\u00e9 mon auto-entreprise\u00a0<a href=\"https:\/\/sophie-soins-energetiques-cannes.com\" target=\"_blank\" rel=\"noopener noreferrer\"><strong>Sophie Energeticair<\/strong><\/a>, me lan\u00e7ant officiellement comme th\u00e9rapeute \u00e9nerg\u00e9ticienne. <strong>Mon approche r\u00e9unit d\u00e9sormais l\u2019\u00e9nerg\u00e9tique, le magn\u00e9tisme, la g\u00e9obiologie, la lithoth\u00e9rapie et le chamanisme dans un accompagnement global de l\u2019\u00eatre.<\/strong><\/p>\t\t\t\t\t\t\t\t<\/div>\n\t\t\t\t<\/div>\n\t\t\t\t\t<\/div>\n\t\t\t\t<\/div>\n\t\t<div class=\"elementor-element elementor-element-4fcc228 e-flex e-con-boxed e-con e-parent\" data-id=\"4fcc228\" data-element_type=\"container\" data-e-type=\"container\">\n\t\t\t\t\t<div class=\"e-con-inner\">\n\t\t\t\t<div class=\"elementor-element elementor-element-eccdcdc elementor-widget elementor-widget-heading\" data-id=\"eccdcdc\" data-element_type=\"widget\" data-e-type=\"widget\" data-widget_type=\"heading.default\">\n\t\t\t\t<div class=\"elementor-widget-container\">\n\t\t\t\t\t<h3 class=\"elementor-heading-title elementor-size-default\">2025 : Formation chamanique mongole<\/h3>\t\t\t\t<\/div>\n\t\t\t\t<\/div>\n\t\t\t\t<div class=\"elementor-element elementor-element-d9d53ef elementor-widget elementor-widget-text-editor\" data-id=\"d9d53ef\" data-element_type=\"widget\" data-e-type=\"widget\" data-widget_type=\"text-editor.default\">\n\t\t\t\t<div class=\"elementor-widget-container\">\n\t\t\t\t\t\t\t\t\t<p>En 2025, j\u2019ai choisi de poursuivre et d\u2019<strong>approfondir mon engagement chamanique<\/strong> \u00e0 travers une formation en pr\u00e9sentiel avec\u00a0<a href=\"https:\/\/fargier.org\/formation-et-initiation-au-chamanisme\/\" target=\"_blank\" rel=\"noopener noreferrer\"><b>Jean-Paul Fargier<\/b><\/a>, lui-m\u00eame chamane de tradition mongole.<\/p><p>Cette formation m\u2019a permis de me relier \u00e0 une lign\u00e9e spirituelle, de pratiquer des rituels de connexion avec les esprits des \u00e9l\u00e9mentaux et d\u2019int\u00e9grer des protocoles de pratiques chamaniques entre le monde visible et le non visible.<\/p>\t\t\t\t\t\t\t\t<\/div>\n\t\t\t\t<\/div>\n\t\t\t\t<div class=\"elementor-element elementor-element-b13f959 elementor-widget elementor-widget-heading\" data-id=\"b13f959\" data-element_type=\"widget\" data-e-type=\"widget\" data-widget_type=\"heading.default\">\n\t\t\t\t<div class=\"elementor-widget-container\">\n\t\t\t\t\t<h3 class=\"elementor-heading-title elementor-size-default\">Aujourd\u2019hui<\/h3>\t\t\t\t<\/div>\n\t\t\t\t<\/div>\n\t\t\t\t\t<\/div>\n\t\t\t\t<\/div>\n\t\t<div class=\"elementor-element elementor-element-53448cb e-flex e-con-boxed e-con e-parent\" data-id=\"53448cb\" data-element_type=\"container\" data-e-type=\"container\">\n\t\t\t\t\t<div class=\"e-con-inner\">\n\t\t<div class=\"elementor-element elementor-element-9dfa117 e-con-full e-flex e-con e-child\" data-id=\"9dfa117\" data-element_type=\"container\" data-e-type=\"container\">\n\t\t\t\t<div class=\"elementor-element elementor-element-36a3ae5 elementor-widget elementor-widget-text-editor\" data-id=\"36a3ae5\" data-element_type=\"widget\" data-e-type=\"widget\" data-widget_type=\"text-editor.default\">\n\t\t\t\t<div class=\"elementor-widget-container\">\n\t\t\t\t\t\t\t\t\t<p>Ce chemin se poursuit chaque jour. <strong>J\u2019accompagne les personnes dans leur \u00e9volution \u00e9nerg\u00e9tique et spirituelle<\/strong>, je propose des s\u00e9ances personnalis\u00e9es, des bilans de lieu, des tirages d&rsquo;oracle qui finalisent les entrevues.<\/p><p>Mon approche repose sur une conviction profonde : <strong><i>chaque \u00eatre poss\u00e8de une vibration unique et une part sacr\u00e9e, et le soin \u00e9nerg\u00e9tique devient alors un pont entre la mati\u00e8re, l\u2019\u00e9nergie et le spirituel<\/i>.<\/strong><\/p><p>Je vous invite \u00e0 cheminer \u00e0 mes c\u00f4t\u00e9s, dans l\u2019\u00e9coute, le respect, la libert\u00e9 et le libre arbitre de chacun.<\/p>\t\t\t\t\t\t\t\t<\/div>\n\t\t\t\t<\/div>\n\t\t\t\t<\/div>\n\t\t<div class=\"elementor-element elementor-element-6644b35 e-con-full e-flex e-con e-child\" data-id=\"6644b35\" data-element_type=\"container\" data-e-type=\"container\">\n\t\t\t\t<div class=\"elementor-element elementor-element-efafab8 elementor-widget elementor-widget-image\" data-id=\"efafab8\" data-element_type=\"widget\" data-e-type=\"widget\" data-widget_type=\"image.default\">\n\t\t\t\t<div class=\"elementor-widget-container\">\n\t\t\t\t\t\t\t\t\t\t\t\t\t\t\t<img decoding=\"async\" width=\"120\" height=\"400\" src=\"https:\/\/sophie-soins-energetiques-cannes.com\/wp-content\/uploads\/2025\/01\/sophie-renac-magnetisme-cranien-harmonie.jpg\" class=\"attachment-medium_large size-medium_large wp-image-289\" alt=\"Sophie Renac face \u00e0 la mer\" srcset=\"https:\/\/sophie-soins-energetiques-cannes.com\/wp-content\/uploads\/2025\/01\/sophie-renac-magnetisme-cranien-harmonie.jpg 120w, https:\/\/sophie-soins-energetiques-cannes.com\/wp-content\/uploads\/2025\/01\/sophie-renac-magnetisme-cranien-harmonie-90x300.jpg 90w\" sizes=\"(max-width: 120px) 100vw, 120px\" \/>\t\t\t\t\t\t\t\t\t\t\t\t\t\t\t<\/div>\n\t\t\t\t<\/div>\n\t\t\t\t<\/div>\n\t\t\t\t\t<\/div>\n\t\t\t\t<\/div>\n\t\t\t\t<\/div>\n\t\t","protected":false},"excerpt":{"rendered":"<p>Mon cheminement Depuis toujours, je suis anim\u00e9e par le d\u00e9sir profond de m\u2019ouvrir \u00e0 d\u2019autres dimensions, de comprendre les \u00e9nergies invisibles et de les laisser&hellip;<\/p>\n","protected":false},"author":1,"featured_media":0,"parent":0,"menu_order":0,"comment_status":"closed","ping_status":"closed","template":"","meta":{"om_disable_all_campaigns":false,"_monsterinsights_skip_tracking":false,"_monsterinsights_sitenote_active":false,"_monsterinsights_sitenote_note":"","_monsterinsights_sitenote_category":0,"footnotes":""},"class_list":["post-561","page","type-page","status-publish","hentry"],"aioseo_notices":[],"_links":{"self":[{"href":"https:\/\/sophie-soins-energetiques-cannes.com\/index.php\/wp-json\/wp\/v2\/pages\/561","targetHints":{"allow":["GET"]}}],"collection":[{"href":"https:\/\/sophie-soins-energetiques-cannes.com\/index.php\/wp-json\/wp\/v2\/pages"}],"about":[{"href":"https:\/\/sophie-soins-energetiques-cannes.com\/index.php\/wp-json\/wp\/v2\/types\/page"}],"author":[{"embeddable":true,"href":"https:\/\/sophie-soins-energetiques-cannes.com\/index.php\/wp-json\/wp\/v2\/users\/1"}],"replies":[{"embeddable":true,"href":"https:\/\/sophie-soins-energetiques-cannes.com\/index.php\/wp-json\/wp\/v2\/comments?post=561"}],"version-history":[{"count":40,"href":"https:\/\/sophie-soins-energetiques-cannes.com\/index.php\/wp-json\/wp\/v2\/pages\/561\/revisions"}],"predecessor-version":[{"id":856,"href":"https:\/\/sophie-soins-energetiques-cannes.com\/index.php\/wp-json\/wp\/v2\/pages\/561\/revisions\/856"}],"wp:attachment":[{"href":"https:\/\/sophie-soins-energetiques-cannes.com\/index.php\/wp-json\/wp\/v2\/media?parent=561"}],"curies":[{"name":"wp","href":"https:\/\/api.w.org\/{rel}","templated":true}]}}