{"id":275,"date":"2025-01-21T15:30:52","date_gmt":"2025-01-21T14:30:52","guid":{"rendered":"https:\/\/sophie-soins-energetiques-cannes.com\/?page_id=275"},"modified":"2025-11-03T15:03:51","modified_gmt":"2025-11-03T14:03:51","slug":"magnetisme-cranien","status":"publish","type":"page","link":"https:\/\/sophie-soins-energetiques-cannes.com\/index.php\/magnetisme-cranien\/","title":{"rendered":"Magn\u00e9tisme cr\u00e2nien"},"content":{"rendered":"\t\t<div data-elementor-type=\"wp-page\" data-elementor-id=\"275\" class=\"elementor elementor-275\">\n\t\t\t\t<div class=\"elementor-element elementor-element-d6c80a2 e-flex e-con-boxed e-con e-parent\" data-id=\"d6c80a2\" data-element_type=\"container\" data-e-type=\"container\">\n\t\t\t\t\t<div class=\"e-con-inner\">\n\t\t\t\t<div class=\"elementor-element elementor-element-547a5a2 elementor-widget elementor-widget-heading\" data-id=\"547a5a2\" data-element_type=\"widget\" data-e-type=\"widget\" data-widget_type=\"heading.default\">\n\t\t\t\t<div class=\"elementor-widget-container\">\n\t\t\t\t\t<h2 class=\"elementor-heading-title elementor-size-default\">Equilibre et harmonie<\/h2>\t\t\t\t<\/div>\n\t\t\t\t<\/div>\n\t\t\t\t<div class=\"elementor-element elementor-element-b24da78 elementor-widget elementor-widget-heading\" data-id=\"b24da78\" data-element_type=\"widget\" data-e-type=\"widget\" data-widget_type=\"heading.default\">\n\t\t\t\t<div class=\"elementor-widget-container\">\n\t\t\t\t\t<h3 class=\"elementor-heading-title elementor-size-default\">Trouver un point d'\u00e9quilibre<\/h3>\t\t\t\t<\/div>\n\t\t\t\t<\/div>\n\t\t\t\t\t<\/div>\n\t\t\t\t<\/div>\n\t\t<div class=\"elementor-element elementor-element-17f7cf9 e-flex e-con-boxed e-con e-parent\" data-id=\"17f7cf9\" data-element_type=\"container\" data-e-type=\"container\">\n\t\t\t\t\t<div class=\"e-con-inner\">\n\t\t\t\t<div class=\"elementor-element elementor-element-5c611a1 elementor-widget elementor-widget-text-editor\" data-id=\"5c611a1\" data-element_type=\"widget\" data-e-type=\"widget\" data-widget_type=\"text-editor.default\">\n\t\t\t\t<div class=\"elementor-widget-container\">\n\t\t\t\t\t\t\t\t\t<p>Le <strong data-start=\"207\" data-end=\"229\">magn\u00e9tisme cr\u00e2nien<\/strong> est une pratique \u00e9nerg\u00e9tique douce qui vise \u00e0 r\u00e9tablir l\u2019\u00e9quilibre et l\u2019harmonie du corps et de l\u2019esprit. Cette technique permet de <strong data-start=\"362\" data-end=\"394\">trouver un point d\u2019\u00e9quilibre<\/strong> en agissant sur les flux \u00e9nerg\u00e9tiques et les tensions accumul\u00e9es dans la t\u00eate et le cr\u00e2ne.<\/p>\t\t\t\t\t\t\t\t<\/div>\n\t\t\t\t<\/div>\n\t\t\t\t\t<\/div>\n\t\t\t\t<\/div>\n\t\t<div class=\"elementor-element elementor-element-72bd6ee e-flex e-con-boxed e-con e-parent\" data-id=\"72bd6ee\" data-element_type=\"container\" data-e-type=\"container\">\n\t\t\t\t\t<div class=\"e-con-inner\">\n\t\t\t\t<div class=\"elementor-element elementor-element-d6985c7 elementor-widget elementor-widget-heading\" data-id=\"d6985c7\" data-element_type=\"widget\" data-e-type=\"widget\" data-widget_type=\"heading.default\">\n\t\t\t\t<div class=\"elementor-widget-container\">\n\t\t\t\t\t<h2 class=\"elementor-heading-title elementor-size-default\">Bienfaits et indications du magn\u00e9tisme cr\u00e2nien<\/h2>\t\t\t\t<\/div>\n\t\t\t\t<\/div>\n\t\t\t\t\t<\/div>\n\t\t\t\t<\/div>\n\t\t<div class=\"elementor-element elementor-element-58990ff e-flex e-con-boxed e-con e-parent\" data-id=\"58990ff\" data-element_type=\"container\" data-e-type=\"container\">\n\t\t\t\t\t<div class=\"e-con-inner\">\n\t\t<div class=\"elementor-element elementor-element-b75493a e-con-full e-flex e-con e-child\" data-id=\"b75493a\" data-element_type=\"container\" data-e-type=\"container\">\n\t\t\t\t<div class=\"elementor-element elementor-element-7d9dd2c elementor-widget elementor-widget-text-editor\" data-id=\"7d9dd2c\" data-element_type=\"widget\" data-e-type=\"widget\" data-widget_type=\"text-editor.default\">\n\t\t\t\t<div class=\"elementor-widget-container\">\n\t\t\t\t\t\t\t\t\t<p><strong>Recommand\u00e9 pour\u202f:<\/strong><\/p><ul><li><strong>Stress<\/strong> et <strong>burn-out<\/strong> : Une approche efficace pour calmer l&rsquo;esprit, r\u00e9duire la pression mentale et retrouver un \u00e9tat d&rsquo;\u00e9quilibre \u00e9motionnel.<\/li><li><strong>Soulagement des acouph\u00e8nes<\/strong> : En agissant sur les flux \u00e9nerg\u00e9tiques et les points de tension, cette pratique peut att\u00e9nuer les bourdonnements et sifflements g\u00eanants.<\/li><li><strong>Migraines<\/strong> : Une technique adapt\u00e9e pour soulager les migraines, \u00e0 pratiquer en dehors des crises aigu\u00ebs pour des effets durables.<\/li><li><strong>D\u00e9pression<\/strong> : En relan\u00e7ant la circulation \u00e9nerg\u00e9tique, le magn\u00e9tisme cr\u00e2nien peut contribuer \u00e0 dissiper les blocages \u00e9motionnels et redonner un \u00e9lan vital.<\/li><li><strong>Trouble du sommeil : <\/strong>Favorise l\u2019endormissement et am\u00e9liore la qualit\u00e9 du repos.<\/li><li><strong>Manque de concentration : <\/strong>Aide \u00e0 clarifier l\u2019esprit et \u00e0 am\u00e9liorer la concentration et la m\u00e9moire.<\/li><\/ul>\t\t\t\t\t\t\t\t<\/div>\n\t\t\t\t<\/div>\n\t\t\t\t<\/div>\n\t\t<div class=\"elementor-element elementor-element-0fe4e1c e-con-full e-flex e-con e-child\" data-id=\"0fe4e1c\" data-element_type=\"container\" data-e-type=\"container\">\n\t\t\t\t<div class=\"elementor-element elementor-element-c0eef50 elementor-widget elementor-widget-image\" data-id=\"c0eef50\" data-element_type=\"widget\" data-e-type=\"widget\" data-widget_type=\"image.default\">\n\t\t\t\t<div class=\"elementor-widget-container\">\n\t\t\t\t\t\t\t\t\t\t\t\t\t\t\t<img fetchpriority=\"high\" decoding=\"async\" width=\"270\" height=\"500\" src=\"https:\/\/sophie-soins-energetiques-cannes.com\/wp-content\/uploads\/2025\/01\/sophie-renac-magnetisme-cranien-02.jpg\" class=\"attachment-full size-full wp-image-406\" alt=\"Soin de magn\u00e9tisme cr\u00e2nien\" srcset=\"https:\/\/sophie-soins-energetiques-cannes.com\/wp-content\/uploads\/2025\/01\/sophie-renac-magnetisme-cranien-02.jpg 270w, https:\/\/sophie-soins-energetiques-cannes.com\/wp-content\/uploads\/2025\/01\/sophie-renac-magnetisme-cranien-02-162x300.jpg 162w\" sizes=\"(max-width: 270px) 100vw, 270px\" \/>\t\t\t\t\t\t\t\t\t\t\t\t\t\t\t<\/div>\n\t\t\t\t<\/div>\n\t\t\t\t<\/div>\n\t\t\t\t\t<\/div>\n\t\t\t\t<\/div>\n\t\t<div class=\"elementor-element elementor-element-29a1a59 e-flex e-con-boxed e-con e-parent\" data-id=\"29a1a59\" data-element_type=\"container\" data-e-type=\"container\">\n\t\t\t\t\t<div class=\"e-con-inner\">\n\t\t\t\t<div class=\"elementor-element elementor-element-bf43ae0 elementor-widget elementor-widget-heading\" data-id=\"bf43ae0\" data-element_type=\"widget\" data-e-type=\"widget\" data-widget_type=\"heading.default\">\n\t\t\t\t<div class=\"elementor-widget-container\">\n\t\t\t\t\t<h2 class=\"elementor-heading-title elementor-size-default\">Pourquoi choisir le magn\u00e9tisme cr\u00e2nien<\/h2>\t\t\t\t<\/div>\n\t\t\t\t<\/div>\n\t\t\t\t\t<\/div>\n\t\t\t\t<\/div>\n\t\t<div class=\"elementor-element elementor-element-589162b e-flex e-con-boxed e-con e-parent\" data-id=\"589162b\" data-element_type=\"container\" data-e-type=\"container\">\n\t\t\t\t\t<div class=\"e-con-inner\">\n\t\t\t\t<div class=\"elementor-element elementor-element-96bdd22 elementor-widget elementor-widget-text-editor\" data-id=\"96bdd22\" data-element_type=\"widget\" data-e-type=\"widget\" data-widget_type=\"text-editor.default\">\n\t\t\t\t<div class=\"elementor-widget-container\">\n\t\t\t\t\t\t\t\t\t<p data-start=\"1381\" data-end=\"1713\">Le <strong data-start=\"1384\" data-end=\"1406\">magn\u00e9tisme cr\u00e2nien<\/strong> est une approche compl\u00e9mentaire id\u00e9ale pour ceux qui cherchent une solution naturelle et bienveillante en parall\u00e8le de la m\u00e9decine traditionnelle. <strong>Les s\u00e9ances sont r\u00e9alis\u00e9es en pr\u00e9sentiel<\/strong>, car la pratique n\u00e9cessite un contact direct et pr\u00e9cis pour agir efficacement sur les \u00e9nergies du corps et du cr\u00e2ne.<\/p><p data-start=\"1715\" data-end=\"2030\">Chaque s\u00e9ance est personnalis\u00e9e, r\u00e9alis\u00e9e dans un cadre d\u2019\u00e9coute et de confiance, et vise \u00e0 apporter <strong data-start=\"1816\" data-end=\"1862\">relaxation, recentrage et bien-\u00eatre global<\/strong>. Cette m\u00e9thode douce contribue \u00e0 harmoniser les \u00e9nergies, \u00e0 soulager les tensions et \u00e0 r\u00e9tablir un \u00e9quilibre durable sur le plan physique, \u00e9motionnel et \u00e9nerg\u00e9tique.<\/p>\t\t\t\t\t\t\t\t<\/div>\n\t\t\t\t<\/div>\n\t\t\t\t\t<\/div>\n\t\t\t\t<\/div>\n\t\t<div class=\"elementor-element elementor-element-576d8cd e-flex e-con-boxed e-con e-parent\" data-id=\"576d8cd\" data-element_type=\"container\" data-e-type=\"container\">\n\t\t\t\t\t<div class=\"e-con-inner\">\n\t\t\t\t<div class=\"elementor-element elementor-element-67952a7 elementor-widget elementor-widget-text-editor\" data-id=\"67952a7\" data-element_type=\"widget\" data-e-type=\"widget\" data-widget_type=\"text-editor.default\">\n\t\t\t\t<div class=\"elementor-widget-container\">\n\t\t\t\t\t\t\t\t\t<p style=\"text-align: center;\"><em><strong>Une m\u00e9thode naturelle, id\u00e9ale pour ceux qui cherchent une approche compl\u00e9mentaire \u00e0 la m\u00e9decine traditionnelle.<\/strong><\/em><\/p>\t\t\t\t\t\t\t\t<\/div>\n\t\t\t\t<\/div>\n\t\t\t\t\t<\/div>\n\t\t\t\t<\/div>\n\t\t<div class=\"elementor-element elementor-element-368d65f e-flex e-con-boxed e-con e-parent\" data-id=\"368d65f\" data-element_type=\"container\" data-e-type=\"container\">\n\t\t\t\t\t<div class=\"e-con-inner\">\n\t\t<div class=\"elementor-element elementor-element-693608f e-con-full e-flex e-con e-child\" data-id=\"693608f\" data-element_type=\"container\" data-e-type=\"container\">\n\t\t\t\t<div class=\"elementor-element elementor-element-2392c52 elementor-view-default elementor-widget elementor-widget-icon\" data-id=\"2392c52\" data-element_type=\"widget\" data-e-type=\"widget\" data-widget_type=\"icon.default\">\n\t\t\t\t<div class=\"elementor-widget-container\">\n\t\t\t\t\t\t\t<div class=\"elementor-icon-wrapper\">\n\t\t\t<div class=\"elementor-icon\">\n\t\t\t<svg aria-hidden=\"true\" class=\"e-font-icon-svg e-fas-exclamation\" viewBox=\"0 0 192 512\" xmlns=\"http:\/\/www.w3.org\/2000\/svg\"><path d=\"M176 432c0 44.112-35.888 80-80 80s-80-35.888-80-80 35.888-80 80-80 80 35.888 80 80zM25.26 25.199l13.6 272C39.499 309.972 50.041 320 62.83 320h66.34c12.789 0 23.331-10.028 23.97-22.801l13.6-272C167.425 11.49 156.496 0 142.77 0H49.23C35.504 0 24.575 11.49 25.26 25.199z\"><\/path><\/svg>\t\t\t<\/div>\n\t\t<\/div>\n\t\t\t\t\t\t<\/div>\n\t\t\t\t<\/div>\n\t\t\t\t<\/div>\n\t\t<div class=\"elementor-element elementor-element-0aaf4aa e-con-full e-flex e-con e-child\" data-id=\"0aaf4aa\" data-element_type=\"container\" data-e-type=\"container\">\n\t\t\t\t<div class=\"elementor-element elementor-element-23ec410 elementor-widget-mobile__width-initial elementor-widget elementor-widget-text-editor\" data-id=\"23ec410\" data-element_type=\"widget\" data-e-type=\"widget\" data-widget_type=\"text-editor.default\">\n\t\t\t\t<div class=\"elementor-widget-container\">\n\t\t\t\t\t\t\t\t\t<p><em><strong>Ne se pratique pas \u00e0 distance.<\/strong><\/em><\/p>\t\t\t\t\t\t\t\t<\/div>\n\t\t\t\t<\/div>\n\t\t\t\t<\/div>\n\t\t\t\t\t<\/div>\n\t\t\t\t<\/div>\n\t\t<div class=\"elementor-element elementor-element-db3f465 e-flex e-con-boxed e-con e-parent\" data-id=\"db3f465\" data-element_type=\"container\" data-e-type=\"container\">\n\t\t\t\t\t<div class=\"e-con-inner\">\n\t\t\t\t<div class=\"elementor-element elementor-element-fa19a0e elementor-align-center elementor-widget elementor-widget-button\" data-id=\"fa19a0e\" data-element_type=\"widget\" data-e-type=\"widget\" data-widget_type=\"button.default\">\n\t\t\t\t<div class=\"elementor-widget-container\">\n\t\t\t\t\t\t\t\t\t<div class=\"elementor-button-wrapper\">\n\t\t\t\t\t<a class=\"elementor-button elementor-button-link elementor-size-sm\" href=\"https:\/\/sophie-soins-energetiques-cannes.com\/index.php\/soins-energetiques\/\">\n\t\t\t\t\t\t<span class=\"elementor-button-content-wrapper\">\n\t\t\t\t\t\t<span class=\"elementor-button-icon\">\n\t\t\t\t<svg aria-hidden=\"true\" class=\"e-font-icon-svg e-far-hand-point-right\" viewBox=\"0 0 512 512\" xmlns=\"http:\/\/www.w3.org\/2000\/svg\"><path d=\"M428.8 137.6h-86.177a115.52 115.52 0 0 0 2.176-22.4c0-47.914-35.072-83.2-92-83.2-45.314 0-57.002 48.537-75.707 78.784-7.735 12.413-16.994 23.317-25.851 33.253l-.131.146-.129.148C135.662 161.807 127.764 168 120.8 168h-2.679c-5.747-4.952-13.536-8-22.12-8H32c-17.673 0-32 12.894-32 28.8v230.4C0 435.106 14.327 448 32 448h64c8.584 0 16.373-3.048 22.12-8h2.679c28.688 0 67.137 40 127.2 40h21.299c62.542 0 98.8-38.658 99.94-91.145 12.482-17.813 18.491-40.785 15.985-62.791A93.148 93.148 0 0 0 393.152 304H428.8c45.435 0 83.2-37.584 83.2-83.2 0-45.099-38.101-83.2-83.2-83.2zm0 118.4h-91.026c12.837 14.669 14.415 42.825-4.95 61.05 11.227 19.646 1.687 45.624-12.925 53.625 6.524 39.128-10.076 61.325-50.6 61.325H248c-45.491 0-77.21-35.913-120-39.676V215.571c25.239-2.964 42.966-21.222 59.075-39.596 11.275-12.65 21.725-25.3 30.799-39.875C232.355 112.712 244.006 80 252.8 80c23.375 0 44 8.8 44 35.2 0 35.2-26.4 53.075-26.4 70.4h158.4c18.425 0 35.2 16.5 35.2 35.2 0 18.975-16.225 35.2-35.2 35.2zM88 384c0 13.255-10.745 24-24 24s-24-10.745-24-24 10.745-24 24-24 24 10.745 24 24z\"><\/path><\/svg>\t\t\t<\/span>\n\t\t\t\t\t\t\t\t\t<span class=\"elementor-button-text\">Pour le d\u00e9roulement d'une s\u00e9ance, voir ici<\/span>\n\t\t\t\t\t<\/span>\n\t\t\t\t\t<\/a>\n\t\t\t\t<\/div>\n\t\t\t\t\t\t\t\t<\/div>\n\t\t\t\t<\/div>\n\t\t\t\t\t<\/div>\n\t\t\t\t<\/div>\n\t\t\t\t<\/div>\n\t\t","protected":false},"excerpt":{"rendered":"<p>Equilibre et harmonie Trouver un point d&rsquo;\u00e9quilibre Le magn\u00e9tisme cr\u00e2nien est une pratique \u00e9nerg\u00e9tique douce qui vise \u00e0 r\u00e9tablir l\u2019\u00e9quilibre et l\u2019harmonie du corps et&hellip;<\/p>\n","protected":false},"author":1,"featured_media":0,"parent":0,"menu_order":0,"comment_status":"closed","ping_status":"closed","template":"","meta":{"om_disable_all_campaigns":false,"_monsterinsights_skip_tracking":false,"_monsterinsights_sitenote_active":false,"_monsterinsights_sitenote_note":"","_monsterinsights_sitenote_category":0,"footnotes":""},"class_list":["post-275","page","type-page","status-publish","hentry"],"aioseo_notices":[],"_links":{"self":[{"href":"https:\/\/sophie-soins-energetiques-cannes.com\/index.php\/wp-json\/wp\/v2\/pages\/275","targetHints":{"allow":["GET"]}}],"collection":[{"href":"https:\/\/sophie-soins-energetiques-cannes.com\/index.php\/wp-json\/wp\/v2\/pages"}],"about":[{"href":"https:\/\/sophie-soins-energetiques-cannes.com\/index.php\/wp-json\/wp\/v2\/types\/page"}],"author":[{"embeddable":true,"href":"https:\/\/sophie-soins-energetiques-cannes.com\/index.php\/wp-json\/wp\/v2\/users\/1"}],"replies":[{"embeddable":true,"href":"https:\/\/sophie-soins-energetiques-cannes.com\/index.php\/wp-json\/wp\/v2\/comments?post=275"}],"version-history":[{"count":40,"href":"https:\/\/sophie-soins-energetiques-cannes.com\/index.php\/wp-json\/wp\/v2\/pages\/275\/revisions"}],"predecessor-version":[{"id":822,"href":"https:\/\/sophie-soins-energetiques-cannes.com\/index.php\/wp-json\/wp\/v2\/pages\/275\/revisions\/822"}],"wp:attachment":[{"href":"https:\/\/sophie-soins-energetiques-cannes.com\/index.php\/wp-json\/wp\/v2\/media?parent=275"}],"curies":[{"name":"wp","href":"https:\/\/api.w.org\/{rel}","templated":true}]}}