{"id":151,"date":"2025-01-14T18:44:49","date_gmt":"2025-01-14T17:44:49","guid":{"rendered":"https:\/\/sophie-soins-energetiques-cannes.com\/?page_id=151"},"modified":"2025-11-03T15:10:46","modified_gmt":"2025-11-03T14:10:46","slug":"radiesthesie","status":"publish","type":"page","link":"https:\/\/sophie-soins-energetiques-cannes.com\/index.php\/radiesthesie\/","title":{"rendered":"Radiesth\u00e9sie"},"content":{"rendered":"\t\t<div data-elementor-type=\"wp-page\" data-elementor-id=\"151\" class=\"elementor elementor-151\">\n\t\t\t\t<div class=\"elementor-element elementor-element-d694eac e-flex e-con-boxed e-con e-parent\" data-id=\"d694eac\" data-element_type=\"container\" data-e-type=\"container\">\n\t\t\t\t\t<div class=\"e-con-inner\">\n\t\t\t\t<div class=\"elementor-element elementor-element-6eb6336 elementor-widget elementor-widget-heading\" data-id=\"6eb6336\" data-element_type=\"widget\" data-e-type=\"widget\" data-widget_type=\"heading.default\">\n\t\t\t\t<div class=\"elementor-widget-container\">\n\t\t\t\t\t<h2 class=\"elementor-heading-title elementor-size-default\">Pendule, guidance intuitive<\/h2>\t\t\t\t<\/div>\n\t\t\t\t<\/div>\n\t\t\t\t<div class=\"elementor-element elementor-element-77858d8 elementor-widget elementor-widget-text-editor\" data-id=\"77858d8\" data-element_type=\"widget\" data-e-type=\"widget\" data-widget_type=\"text-editor.default\">\n\t\t\t\t<div class=\"elementor-widget-container\">\n\t\t\t\t\t\t\t\t\t<p>La radiesth\u00e9sie est une pratique \u00e9nerg\u00e9tique qui permet de d\u00e9tecter et d\u2019\u00e9quilibrer les flux d\u2019\u00e9nergie dans le corps et l\u2019esprit. Gr\u00e2ce au pendule, je propose une <strong data-start=\"339\" data-end=\"361\">guidance intuitive<\/strong> pour vous accompagner dans votre d\u00e9marche \u00e9nerg\u00e9tique, que ce soit pour un mieux-\u00eatre g\u00e9n\u00e9ral ou pour r\u00e9soudre des d\u00e9s\u00e9quilibres sp\u00e9cifiques.<\/p>\t\t\t\t\t\t\t\t<\/div>\n\t\t\t\t<\/div>\n\t\t\t\t\t<\/div>\n\t\t\t\t<\/div>\n\t\t<div class=\"elementor-element elementor-element-1c3aff9 e-flex e-con-boxed e-con e-parent\" data-id=\"1c3aff9\" data-element_type=\"container\" data-e-type=\"container\">\n\t\t\t\t\t<div class=\"e-con-inner\">\n\t\t\t\t<div class=\"elementor-element elementor-element-d339e0a elementor-widget elementor-widget-heading\" data-id=\"d339e0a\" data-element_type=\"widget\" data-e-type=\"widget\" data-widget_type=\"heading.default\">\n\t\t\t\t<div class=\"elementor-widget-container\">\n\t\t\t\t\t<h2 class=\"elementor-heading-title elementor-size-default\">Les bienfaits de la radiesth\u00e9sie<\/h2>\t\t\t\t<\/div>\n\t\t\t\t<\/div>\n\t\t\t\t\t<\/div>\n\t\t\t\t<\/div>\n\t\t<div class=\"elementor-element elementor-element-700abe5 e-flex e-con-boxed e-con e-parent\" data-id=\"700abe5\" data-element_type=\"container\" data-e-type=\"container\">\n\t\t\t\t\t<div class=\"e-con-inner\">\n\t\t<div class=\"elementor-element elementor-element-e74eb20 e-con-full e-flex e-con e-child\" data-id=\"e74eb20\" data-element_type=\"container\" data-e-type=\"container\">\n\t\t\t\t<div class=\"elementor-element elementor-element-13b0ec1 elementor-widget elementor-widget-text-editor\" data-id=\"13b0ec1\" data-element_type=\"widget\" data-e-type=\"widget\" data-widget_type=\"text-editor.default\">\n\t\t\t\t<div class=\"elementor-widget-container\">\n\t\t\t\t\t\t\t\t\t<ul><li><strong>Guidance intuitive<\/strong> pour vous accompagner dans votre d\u00e9marche \u00e9nerg\u00e9tique.<\/li><li>V\u00e9rification du taux vibratoire avant et apr\u00e8s chaque s\u00e9ance.<\/li><li><strong>Bilan \u00e9nerg\u00e9tique global<\/strong> pour \u00e9valuer votre \u00e9tat \u00e9nerg\u00e9tique.<\/li><li><span style=\"text-align: var(--text-align); background-color: var(--fifty50-colour-body-bg); color: var(--fifty50-colour-body-text); font-family: var(--fifty50-font-primary);\">Possibilit\u00e9 d&rsquo;effectuer des soins \u00e0 distance, un outil tr\u00e8s utile pour les accompagnements \u00e0 distance.<\/span><\/li><li><strong>Harmonisation, \u00e9quilibrage, recharge \u00e9nerg\u00e9tique et vibratoire<\/strong>, ainsi que l&rsquo;alignement des \u00e9nergies afin de rem\u00e9dier aux d\u00e9s\u00e9quilibres \u00e9nerg\u00e9tiques.<\/li><li><strong>Rechargement des chakras<\/strong> pour favoriser une circulation \u00e9nerg\u00e9tique optimale.<\/li><li><strong>D\u00e9chargement des \u00e9motions n\u00e9gatives<\/strong> et rechargement en \u00e9nergie positive.<\/li><li>Mesure du taux de vitalit\u00e9 pour \u00e9valuer l&rsquo;\u00e9nergie vitale pr\u00e9sente.<\/li><\/ul><p style=\"text-align: center;\"><strong><em>La radiesth\u00e9sie permet de capter les radiations \u00e9mises par le corps gr\u00e2ce au pendule.<\/em><\/strong><\/p>\t\t\t\t\t\t\t\t<\/div>\n\t\t\t\t<\/div>\n\t\t\t\t<\/div>\n\t\t<div class=\"elementor-element elementor-element-6b09fbf e-con-full e-flex e-con e-child\" data-id=\"6b09fbf\" data-element_type=\"container\" data-e-type=\"container\">\n\t\t<div class=\"elementor-element elementor-element-4a617f8 e-con-full e-flex e-con e-child\" data-id=\"4a617f8\" data-element_type=\"container\" data-e-type=\"container\">\n\t\t\t\t<div class=\"elementor-element elementor-element-af3daf8 elementor-widget elementor-widget-image\" data-id=\"af3daf8\" data-element_type=\"widget\" data-e-type=\"widget\" data-widget_type=\"image.default\">\n\t\t\t\t<div class=\"elementor-widget-container\">\n\t\t\t\t\t\t\t\t\t\t\t\t\t\t\t<img fetchpriority=\"high\" decoding=\"async\" width=\"200\" height=\"254\" src=\"https:\/\/sophie-soins-energetiques-cannes.com\/wp-content\/uploads\/2025\/01\/sophie-renac-pendule.jpg\" class=\"attachment-medium size-medium wp-image-411\" alt=\"Pendule radiesth\u00e9sie\" \/>\t\t\t\t\t\t\t\t\t\t\t\t\t\t\t<\/div>\n\t\t\t\t<\/div>\n\t\t\t\t<\/div>\n\t\t<div class=\"elementor-element elementor-element-ccbc43d e-con-full e-flex e-con e-child\" data-id=\"ccbc43d\" data-element_type=\"container\" data-e-type=\"container\">\n\t\t\t\t<div class=\"elementor-element elementor-element-8540980 elementor-widget elementor-widget-image\" data-id=\"8540980\" data-element_type=\"widget\" data-e-type=\"widget\" data-widget_type=\"image.default\">\n\t\t\t\t<div class=\"elementor-widget-container\">\n\t\t\t\t\t\t\t\t\t\t\t\t\t\t\t<img decoding=\"async\" width=\"150\" height=\"150\" src=\"https:\/\/sophie-soins-energetiques-cannes.com\/wp-content\/uploads\/2025\/01\/sophie-renac-pendule-2-150x150.jpg\" class=\"attachment-thumbnail size-thumbnail wp-image-412\" alt=\"Pendule \u00e9nerg\u00e9tique\" srcset=\"https:\/\/sophie-soins-energetiques-cannes.com\/wp-content\/uploads\/2025\/01\/sophie-renac-pendule-2-150x150.jpg 150w, https:\/\/sophie-soins-energetiques-cannes.com\/wp-content\/uploads\/2025\/01\/sophie-renac-pendule-2-45x45.jpg 45w, https:\/\/sophie-soins-energetiques-cannes.com\/wp-content\/uploads\/2025\/01\/sophie-renac-pendule-2-100x100.jpg 100w\" sizes=\"(max-width: 150px) 100vw, 150px\" \/>\t\t\t\t\t\t\t\t\t\t\t\t\t\t\t<\/div>\n\t\t\t\t<\/div>\n\t\t\t\t<\/div>\n\t\t\t\t<\/div>\n\t\t\t\t\t<\/div>\n\t\t\t\t<\/div>\n\t\t<div class=\"elementor-element elementor-element-017c186 e-flex e-con-boxed e-con e-parent\" data-id=\"017c186\" data-element_type=\"container\" data-e-type=\"container\">\n\t\t\t\t\t<div class=\"e-con-inner\">\n\t\t\t\t<div class=\"elementor-element elementor-element-0a8ae9a elementor-widget elementor-widget-text-editor\" data-id=\"0a8ae9a\" data-element_type=\"widget\" data-e-type=\"widget\" data-widget_type=\"text-editor.default\">\n\t\t\t\t<div class=\"elementor-widget-container\">\n\t\t\t\t\t\t\t\t\t<p data-start=\"507\" data-end=\"946\">Avant et apr\u00e8s chaque s\u00e9ance, je peux proc\u00e9der \u00e0 une <strong data-start=\"554\" data-end=\"589\">v\u00e9rification du taux vibratoire<\/strong> afin de mesurer l\u2019\u00e9volution de votre \u00e9nergie et d\u2019adapter mon protocole. Le bilan \u00e9nerg\u00e9tique global r\u00e9alis\u00e9 lors de la s\u00e9ance permet d\u2019\u00e9valuer votre \u00e9tat \u00e9nerg\u00e9tique et de cibler les zones n\u00e9cessitant un r\u00e9\u00e9quilibrage. Cette m\u00e9thode est particuli\u00e8rement efficace en <strong data-start=\"857\" data-end=\"877\">soins \u00e0 distance<\/strong>, permettant un accompagnement complet m\u00eame sans pr\u00e9sence physique.<\/p><p data-start=\"1708\" data-end=\"2057\">Gr\u00e2ce \u00e0 la radiesth\u00e9sie, il est possible de capter les radiations \u00e9mises par le corps, d\u2019<strong data-start=\"1797\" data-end=\"1828\">\u00e9valuer le taux de vitalit\u00e9<\/strong> et de travailler sur les d\u00e9s\u00e9quilibres qui peuvent affecter la sant\u00e9 physique, \u00e9motionnelle ou mentale. Cette approche douce et pr\u00e9cise constitue un <strong data-start=\"1978\" data-end=\"2054\">outil pr\u00e9cieux pour retrouver \u00e9nergie, harmonie et s\u00e9r\u00e9nit\u00e9 au quotidien<\/strong>.<\/p>\t\t\t\t\t\t\t\t<\/div>\n\t\t\t\t<\/div>\n\t\t\t\t\t<\/div>\n\t\t\t\t<\/div>\n\t\t<div class=\"elementor-element elementor-element-58daea1 e-flex e-con-boxed e-con e-parent\" data-id=\"58daea1\" data-element_type=\"container\" data-e-type=\"container\">\n\t\t\t\t\t<div class=\"e-con-inner\">\n\t\t\t\t<div class=\"elementor-element elementor-element-52e6a4a elementor-widget elementor-widget-heading\" data-id=\"52e6a4a\" data-element_type=\"widget\" data-e-type=\"widget\" data-widget_type=\"heading.default\">\n\t\t\t\t<div class=\"elementor-widget-container\">\n\t\t\t\t\t<h2 class=\"elementor-heading-title elementor-size-default\">Ma m\u00e9thode<\/h2>\t\t\t\t<\/div>\n\t\t\t\t<\/div>\n\t\t\t\t\t<\/div>\n\t\t\t\t<\/div>\n\t\t<div class=\"elementor-element elementor-element-826a138 e-flex e-con-boxed e-con e-parent\" data-id=\"826a138\" data-element_type=\"container\" data-e-type=\"container\">\n\t\t\t\t\t<div class=\"e-con-inner\">\n\t\t\t\t<div class=\"elementor-element elementor-element-f271904 elementor-widget elementor-widget-text-editor\" data-id=\"f271904\" data-element_type=\"widget\" data-e-type=\"widget\" data-widget_type=\"text-editor.default\">\n\t\t\t\t<div class=\"elementor-widget-container\">\n\t\t\t\t\t\t\t\t\t<p>Je peux r\u00e9aliser un bilan \u00e9nerg\u00e9tique, ce qui me permet d&rsquo;\u00e9laborer mon protocole et d&rsquo;effectuer la s\u00e9ance d&rsquo;accompagnement. Pendant celle-ci, je proc\u00e8de \u00e0 un \u00ab\u00a0scan\u00a0\u00bb manuel du corps pour d\u00e9tecter les n\u0153uds ou blocages \u00e9nerg\u00e9tiques et les extraire, afin de permettre une meilleure circulation de l&rsquo;\u00e9nergie.<\/p><p>Avec la radiesth\u00e9sie, je localise les zones en souffrance ou celles n\u00e9cessitant un r\u00e9\u00e9quilibrage.<\/p>\t\t\t\t\t\t\t\t<\/div>\n\t\t\t\t<\/div>\n\t\t\t\t\t<\/div>\n\t\t\t\t<\/div>\n\t\t<div class=\"elementor-element elementor-element-dc5eee9 e-flex e-con-boxed e-con e-parent\" data-id=\"dc5eee9\" data-element_type=\"container\" data-e-type=\"container\">\n\t\t\t\t\t<div class=\"e-con-inner\">\n\t\t\t\t<div class=\"elementor-element elementor-element-6b8b1b8 elementor-align-center elementor-widget elementor-widget-button\" data-id=\"6b8b1b8\" data-element_type=\"widget\" data-e-type=\"widget\" data-widget_type=\"button.default\">\n\t\t\t\t<div class=\"elementor-widget-container\">\n\t\t\t\t\t\t\t\t\t<div class=\"elementor-button-wrapper\">\n\t\t\t\t\t<a class=\"elementor-button elementor-button-link elementor-size-sm\" href=\"https:\/\/sophie-soins-energetiques-cannes.com\/index.php\/soins-energetiques\/\">\n\t\t\t\t\t\t<span class=\"elementor-button-content-wrapper\">\n\t\t\t\t\t\t<span class=\"elementor-button-icon\">\n\t\t\t\t<svg aria-hidden=\"true\" class=\"e-font-icon-svg e-far-hand-point-right\" viewBox=\"0 0 512 512\" xmlns=\"http:\/\/www.w3.org\/2000\/svg\"><path d=\"M428.8 137.6h-86.177a115.52 115.52 0 0 0 2.176-22.4c0-47.914-35.072-83.2-92-83.2-45.314 0-57.002 48.537-75.707 78.784-7.735 12.413-16.994 23.317-25.851 33.253l-.131.146-.129.148C135.662 161.807 127.764 168 120.8 168h-2.679c-5.747-4.952-13.536-8-22.12-8H32c-17.673 0-32 12.894-32 28.8v230.4C0 435.106 14.327 448 32 448h64c8.584 0 16.373-3.048 22.12-8h2.679c28.688 0 67.137 40 127.2 40h21.299c62.542 0 98.8-38.658 99.94-91.145 12.482-17.813 18.491-40.785 15.985-62.791A93.148 93.148 0 0 0 393.152 304H428.8c45.435 0 83.2-37.584 83.2-83.2 0-45.099-38.101-83.2-83.2-83.2zm0 118.4h-91.026c12.837 14.669 14.415 42.825-4.95 61.05 11.227 19.646 1.687 45.624-12.925 53.625 6.524 39.128-10.076 61.325-50.6 61.325H248c-45.491 0-77.21-35.913-120-39.676V215.571c25.239-2.964 42.966-21.222 59.075-39.596 11.275-12.65 21.725-25.3 30.799-39.875C232.355 112.712 244.006 80 252.8 80c23.375 0 44 8.8 44 35.2 0 35.2-26.4 53.075-26.4 70.4h158.4c18.425 0 35.2 16.5 35.2 35.2 0 18.975-16.225 35.2-35.2 35.2zM88 384c0 13.255-10.745 24-24 24s-24-10.745-24-24 10.745-24 24-24 24 10.745 24 24z\"><\/path><\/svg>\t\t\t<\/span>\n\t\t\t\t\t\t\t\t\t<span class=\"elementor-button-text\">Pour le d\u00e9roulement d'une s\u00e9ance, voir ici<\/span>\n\t\t\t\t\t<\/span>\n\t\t\t\t\t<\/a>\n\t\t\t\t<\/div>\n\t\t\t\t\t\t\t\t<\/div>\n\t\t\t\t<\/div>\n\t\t\t\t\t<\/div>\n\t\t\t\t<\/div>\n\t\t\t\t<\/div>\n\t\t","protected":false},"excerpt":{"rendered":"<p>Pendule, guidance intuitive La radiesth\u00e9sie est une pratique \u00e9nerg\u00e9tique qui permet de d\u00e9tecter et d\u2019\u00e9quilibrer les flux d\u2019\u00e9nergie dans le corps et l\u2019esprit. Gr\u00e2ce au&hellip;<\/p>\n","protected":false},"author":1,"featured_media":0,"parent":0,"menu_order":0,"comment_status":"closed","ping_status":"closed","template":"","meta":{"om_disable_all_campaigns":false,"_monsterinsights_skip_tracking":false,"_monsterinsights_sitenote_active":false,"_monsterinsights_sitenote_note":"","_monsterinsights_sitenote_category":0,"footnotes":""},"class_list":["post-151","page","type-page","status-publish","hentry"],"aioseo_notices":[],"_links":{"self":[{"href":"https:\/\/sophie-soins-energetiques-cannes.com\/index.php\/wp-json\/wp\/v2\/pages\/151","targetHints":{"allow":["GET"]}}],"collection":[{"href":"https:\/\/sophie-soins-energetiques-cannes.com\/index.php\/wp-json\/wp\/v2\/pages"}],"about":[{"href":"https:\/\/sophie-soins-energetiques-cannes.com\/index.php\/wp-json\/wp\/v2\/types\/page"}],"author":[{"embeddable":true,"href":"https:\/\/sophie-soins-energetiques-cannes.com\/index.php\/wp-json\/wp\/v2\/users\/1"}],"replies":[{"embeddable":true,"href":"https:\/\/sophie-soins-energetiques-cannes.com\/index.php\/wp-json\/wp\/v2\/comments?post=151"}],"version-history":[{"count":46,"href":"https:\/\/sophie-soins-energetiques-cannes.com\/index.php\/wp-json\/wp\/v2\/pages\/151\/revisions"}],"predecessor-version":[{"id":832,"href":"https:\/\/sophie-soins-energetiques-cannes.com\/index.php\/wp-json\/wp\/v2\/pages\/151\/revisions\/832"}],"wp:attachment":[{"href":"https:\/\/sophie-soins-energetiques-cannes.com\/index.php\/wp-json\/wp\/v2\/media?parent=151"}],"curies":[{"name":"wp","href":"https:\/\/api.w.org\/{rel}","templated":true}]}}