{"id":132,"date":"2025-01-14T18:33:26","date_gmt":"2025-01-14T17:33:26","guid":{"rendered":"https:\/\/sophie-soins-energetiques-cannes.com\/?page_id=132"},"modified":"2026-02-20T08:37:19","modified_gmt":"2026-02-20T07:37:19","slug":"magnetisme-cannes","status":"publish","type":"page","link":"https:\/\/sophie-soins-energetiques-cannes.com\/index.php\/magnetisme-cannes\/","title":{"rendered":"Magn\u00e9tisme"},"content":{"rendered":"\t\t<div data-elementor-type=\"wp-page\" data-elementor-id=\"132\" class=\"elementor elementor-132\">\n\t\t\t\t<div class=\"elementor-element elementor-element-ca4aa1b e-flex e-con-boxed e-con e-parent\" data-id=\"ca4aa1b\" data-element_type=\"container\" data-e-type=\"container\">\n\t\t\t\t\t<div class=\"e-con-inner\">\n\t\t\t\t<div class=\"elementor-element elementor-element-87a3dea elementor-widget elementor-widget-heading\" data-id=\"87a3dea\" data-element_type=\"widget\" data-e-type=\"widget\" data-widget_type=\"heading.default\">\n\t\t\t\t<div class=\"elementor-widget-container\">\n\t\t\t\t\t<h2 class=\"elementor-heading-title elementor-size-default\">Coupure de feu<br>Harmonisation \u00e9nerg\u00e9tique<\/h2>\t\t\t\t<\/div>\n\t\t\t\t<\/div>\n\t\t\t\t\t<\/div>\n\t\t\t\t<\/div>\n\t\t<div class=\"elementor-element elementor-element-bc2717a e-flex e-con-boxed e-con e-parent\" data-id=\"bc2717a\" data-element_type=\"container\" data-e-type=\"container\">\n\t\t\t\t\t<div class=\"e-con-inner\">\n\t\t\t\t<div class=\"elementor-element elementor-element-4cc3a0c elementor-widget elementor-widget-text-editor\" data-id=\"4cc3a0c\" data-element_type=\"widget\" data-e-type=\"widget\" data-widget_type=\"text-editor.default\">\n\t\t\t\t<div class=\"elementor-widget-container\">\n\t\t\t\t\t\t\t\t\t<p data-start=\"184\" data-end=\"482\">Le <strong data-start=\"187\" data-end=\"210\">magn\u00e9tisme <\/strong>\u00a0est une pratique \u00e9nerg\u00e9tique qui vise \u00e0 r\u00e9tablir l\u2019\u00e9quilibre du corps et de l\u2019esprit. Cette approche favorise le bien-\u00eatre, le l\u00e2cher-prise et la d\u00e9tente profonde, tout en permettant une <strong data-start=\"398\" data-end=\"432\">coupure des liens \u00e9nerg\u00e9tiques toxiques,\u00a0<\/strong>un nettoyage des corps subtils et de l\u2019aura\u2026<\/p>\t\t\t\t\t\t\t\t<\/div>\n\t\t\t\t<\/div>\n\t\t\t\t\t<\/div>\n\t\t\t\t<\/div>\n\t\t<div class=\"elementor-element elementor-element-2231758 e-flex e-con-boxed e-con e-parent\" data-id=\"2231758\" data-element_type=\"container\" data-e-type=\"container\">\n\t\t\t\t\t<div class=\"e-con-inner\">\n\t\t\t\t<div class=\"elementor-element elementor-element-b044041 elementor-widget elementor-widget-heading\" data-id=\"b044041\" data-element_type=\"widget\" data-e-type=\"widget\" data-widget_type=\"heading.default\">\n\t\t\t\t<div class=\"elementor-widget-container\">\n\t\t\t\t\t<h2 class=\"elementor-heading-title elementor-size-default\">Les techniques du magn\u00e9tisme<\/h2>\t\t\t\t<\/div>\n\t\t\t\t<\/div>\n\t\t\t\t\t<\/div>\n\t\t\t\t<\/div>\n\t\t<div class=\"elementor-element elementor-element-eabc6e8 e-flex e-con-boxed e-con e-parent\" data-id=\"eabc6e8\" data-element_type=\"container\" data-e-type=\"container\">\n\t\t\t\t\t<div class=\"e-con-inner\">\n\t\t<div class=\"elementor-element elementor-element-e456772 e-con-full e-flex e-con e-child\" data-id=\"e456772\" data-element_type=\"container\" data-e-type=\"container\">\n\t\t\t\t<div class=\"elementor-element elementor-element-70a84b8 elementor-widget elementor-widget-text-editor\" data-id=\"70a84b8\" data-element_type=\"widget\" data-e-type=\"widget\" data-widget_type=\"text-editor.default\">\n\t\t\t\t<div class=\"elementor-widget-container\">\n\t\t\t\t\t\t\t\t\t<p data-start=\"484\" data-end=\"851\">Pour agir efficacement, plusieurs techniques sont utilis\u00e9es, telles que la <strong data-start=\"559\" data-end=\"568\">pince<\/strong>, l\u2019<strong data-start=\"572\" data-end=\"586\">extraction<\/strong>, la <strong data-start=\"591\" data-end=\"605\">dispersion<\/strong>, ainsi que la m\u00e9thode du <strong data-start=\"631\" data-end=\"648\">\u00ab ping-pong \u00bb<\/strong>. Ces m\u00e9thodes permettent de purifier l\u2019\u00e9nergie, d\u2019\u00e9liminer les blocages et de relancer la circulation \u00e9nerg\u00e9tique. Associ\u00e9es \u00e0 la g\u00e9obiologie, elles contribuent \u00e9galement \u00e0 prot\u00e9ger les lieux et l\u2019habitat des \u00e9nergies n\u00e9gatives.<\/p><p data-start=\"853\" data-end=\"1179\">Le <strong data-start=\"856\" data-end=\"879\">magn\u00e9tisme <\/strong>\u00a0aide \u00e0 r\u00e9\u00e9quilibrer et harmoniser le corps et les chakras, en redonnant de la vitalit\u00e9 et en favorisant un \u00e9tat de s\u00e9r\u00e9nit\u00e9 durable.\u00a0<\/p><p data-start=\"853\" data-end=\"1179\">Des <strong data-start=\"1017\" data-end=\"1054\">tests \u00e9nerg\u00e9tiques et vibratoires<\/strong> peuvent \u00eatre r\u00e9alis\u00e9s pour \u00e9valuer l\u2019\u00e9tat \u00e9nerg\u00e9tique et adapter le soin selon les besoins sp\u00e9cifiques de chaque personne.<\/p>\t\t\t\t\t\t\t\t<\/div>\n\t\t\t\t<\/div>\n\t\t\t\t<\/div>\n\t\t<div class=\"elementor-element elementor-element-000cb01 e-con-full e-flex e-con e-child\" data-id=\"000cb01\" data-element_type=\"container\" data-e-type=\"container\">\n\t\t\t\t<div class=\"elementor-element elementor-element-19129b8 elementor-widget__width-initial elementor-widget elementor-widget-image\" data-id=\"19129b8\" data-element_type=\"widget\" data-e-type=\"widget\" data-widget_type=\"image.default\">\n\t\t\t\t<div class=\"elementor-widget-container\">\n\t\t\t\t\t\t\t\t\t\t\t\t\t\t\t<img fetchpriority=\"high\" decoding=\"async\" width=\"300\" height=\"403\" src=\"https:\/\/sophie-soins-energetiques-cannes.com\/wp-content\/uploads\/2025\/01\/sophie-renac-magnetisme-soins.jpg\" class=\"attachment-medium_large size-medium_large wp-image-378\" alt=\"Sophie Renac pratiquant un soin de magn\u00e9tisme \u00e0 Cannes pour harmoniser les \u00e9nergies et r\u00e9\u00e9quilibrer le corps et l\u2019esprit.\" srcset=\"https:\/\/sophie-soins-energetiques-cannes.com\/wp-content\/uploads\/2025\/01\/sophie-renac-magnetisme-soins.jpg 300w, https:\/\/sophie-soins-energetiques-cannes.com\/wp-content\/uploads\/2025\/01\/sophie-renac-magnetisme-soins-223x300.jpg 223w\" sizes=\"(max-width: 300px) 100vw, 300px\" \/>\t\t\t\t\t\t\t\t\t\t\t\t\t\t\t<\/div>\n\t\t\t\t<\/div>\n\t\t\t\t<\/div>\n\t\t\t\t\t<\/div>\n\t\t\t\t<\/div>\n\t\t<div class=\"elementor-element elementor-element-d7858a1 e-flex e-con-boxed e-con e-parent\" data-id=\"d7858a1\" data-element_type=\"container\" data-e-type=\"container\">\n\t\t\t\t\t<div class=\"e-con-inner\">\n\t\t\t\t<div class=\"elementor-element elementor-element-14b8352 elementor-widget elementor-widget-heading\" data-id=\"14b8352\" data-element_type=\"widget\" data-e-type=\"widget\" data-widget_type=\"heading.default\">\n\t\t\t\t<div class=\"elementor-widget-container\">\n\t\t\t\t\t<h2 class=\"elementor-heading-title elementor-size-default\">Les bienfaits du magn\u00e9tisme<\/h2>\t\t\t\t<\/div>\n\t\t\t\t<\/div>\n\t\t\t\t\t<\/div>\n\t\t\t\t<\/div>\n\t\t<div class=\"elementor-element elementor-element-4262a6d e-flex e-con-boxed e-con e-parent\" data-id=\"4262a6d\" data-element_type=\"container\" data-e-type=\"container\">\n\t\t\t\t\t<div class=\"e-con-inner\">\n\t\t\t\t<div class=\"elementor-element elementor-element-689be07 elementor-widget elementor-widget-text-editor\" data-id=\"689be07\" data-element_type=\"widget\" data-e-type=\"widget\" data-widget_type=\"text-editor.default\">\n\t\t\t\t<div class=\"elementor-widget-container\">\n\t\t\t\t\t\t\t\t\t<p>Ils sont nombreux et s\u2019adaptent \u00e0 diff\u00e9rents types de besoins :<\/p>\t\t\t\t\t\t\t\t<\/div>\n\t\t\t\t<\/div>\n\t\t\t\t\t<\/div>\n\t\t\t\t<\/div>\n\t\t<div class=\"elementor-element elementor-element-d0122a4 e-flex e-con-boxed e-con e-parent\" data-id=\"d0122a4\" data-element_type=\"container\" data-e-type=\"container\">\n\t\t\t\t\t<div class=\"e-con-inner\">\n\t\t<div class=\"elementor-element elementor-element-950a923 e-con-full e-flex e-con e-child\" data-id=\"950a923\" data-element_type=\"container\" data-e-type=\"container\">\n\t\t\t\t<div class=\"elementor-element elementor-element-c8f94fe elementor-widget__width-initial elementor-widget elementor-widget-text-editor\" data-id=\"c8f94fe\" data-element_type=\"widget\" data-e-type=\"widget\" data-widget_type=\"text-editor.default\">\n\t\t\t\t<div class=\"elementor-widget-container\">\n\t\t\t\t\t\t\t\t\t<ul>\n<li>Le magn\u00e9tisme <strong>favorise le bien-\u00eatre, le l\u00e2cher-prise, la d\u00e9tente<\/strong>, et permet une coupure des liens \u00e9nerg\u00e9tiques toxiques. Il facilite \u00e9galement le nettoyage de l&rsquo;aura et des corps subtils.<\/li>\n<li>Purification \u00e9nerg\u00e9tique pour <strong>\u00e9liminer les \u00e9nergies n\u00e9gatives, relancer la circulation \u00e9nerg\u00e9tique<\/strong>.<\/li>\n<li>R\u00e9\u00e9quilibrage et <strong>harmonisation du corps et des chakras.<\/strong><\/li>\n<li><strong style=\"text-align: var(--text-align); background-color: var(--fifty50-colour-body-bg); color: var(--fifty50-colour-body-text); font-family: var(--fifty50-font-primary);\">Traitement des maladies de la peau,<\/strong><span style=\"text-align: var(--text-align); background-color: var(--fifty50-colour-body-bg); color: var(--fifty50-colour-body-text); font-family: var(--fifty50-font-primary);\"> telles que le zona, l&rsquo;ecz\u00e9ma, ainsi que des besoins urgents comme la coupure de feu, les br\u00fblures, ou l&rsquo;att\u00e9nuation des effets secondaires des traitements de chimioth\u00e9rapie ou radioth\u00e9rapie.<\/span><\/li>\n<li><strong>Soulagement des douleurs physiques<\/strong>, musculaires ou tendineuses en compl\u00e9ment des soins m\u00e9dicaux.<\/li>\n<\/ul>\t\t\t\t\t\t\t\t<\/div>\n\t\t\t\t<\/div>\n\t\t\t\t<\/div>\n\t\t\t\t\t<\/div>\n\t\t\t\t<\/div>\n\t\t<div class=\"elementor-element elementor-element-7dd348b e-flex e-con-boxed e-con e-parent\" data-id=\"7dd348b\" data-element_type=\"container\" data-e-type=\"container\">\n\t\t\t\t\t<div class=\"e-con-inner\">\n\t\t\t\t<div class=\"elementor-element elementor-element-b9910a6 elementor-widget elementor-widget-heading\" data-id=\"b9910a6\" data-element_type=\"widget\" data-e-type=\"widget\" data-widget_type=\"heading.default\">\n\t\t\t\t<div class=\"elementor-widget-container\">\n\t\t\t\t\t<h2 class=\"elementor-heading-title elementor-size-default\">Pourquoi choisir Sophie ?<\/h2>\t\t\t\t<\/div>\n\t\t\t\t<\/div>\n\t\t\t\t\t<\/div>\n\t\t\t\t<\/div>\n\t\t<div class=\"elementor-element elementor-element-5b6e21b e-flex e-con-boxed e-con e-parent\" data-id=\"5b6e21b\" data-element_type=\"container\" data-e-type=\"container\">\n\t\t\t\t\t<div class=\"e-con-inner\">\n\t\t\t\t<div class=\"elementor-element elementor-element-416669a elementor-widget elementor-widget-text-editor\" data-id=\"416669a\" data-element_type=\"widget\" data-e-type=\"widget\" data-widget_type=\"text-editor.default\">\n\t\t\t\t<div class=\"elementor-widget-container\">\n\t\t\t\t\t\t\t\t\t<p data-start=\"1593\" data-end=\"2023\">Chaque s\u00e9ance de <strong data-start=\"1610\" data-end=\"1633\">magn\u00e9tisme \u00e0 Cannes<\/strong> est r\u00e9alis\u00e9e dans un espace d\u2019\u00e9coute, de bienveillance et de confiance. Elle permet non seulement de rel\u00e2cher les tensions physiques et \u00e9motionnelles, mais aussi de soutenir votre \u00e9nergie vitale et votre bien-\u00eatre g\u00e9n\u00e9ral. Les effets des s\u00e9ances peuvent \u00eatre ressentis imm\u00e9diatement, mais se prolongent souvent sur plusieurs semaines, renfor\u00e7ant ainsi l\u2019harmonie du corps et de l\u2019esprit.<\/p><p data-start=\"2025\" data-end=\"2293\">Pour b\u00e9n\u00e9ficier d\u2019une s\u00e9ance de <strong data-start=\"2057\" data-end=\"2080\">magn\u00e9tisme \u00e0 Cannes<\/strong> et profiter de ses bienfaits sur le corps et l\u2019esprit, vous pouvez <a title=\"Contact\" href=\"https:\/\/sophie-soins-energetiques-cannes.com\/index.php\/contact\/\">prendre rendez-vous<\/a> directement avec <a title=\"Qui suis-je ?\" href=\"https:\/\/sophie-soins-energetiques-cannes.com\/index.php\/qui-suis-je\/\">Sophie Renac<\/a>. Chaque soin est personnalis\u00e9 et adapt\u00e9 \u00e0 vos besoins sp\u00e9cifiques pour un mieux-\u00eatre durable.<\/p>\t\t\t\t\t\t\t\t<\/div>\n\t\t\t\t<\/div>\n\t\t\t\t\t<\/div>\n\t\t\t\t<\/div>\n\t\t<div class=\"elementor-element elementor-element-0f7b847 e-flex e-con-boxed e-con e-parent\" data-id=\"0f7b847\" data-element_type=\"container\" data-e-type=\"container\">\n\t\t\t\t\t<div class=\"e-con-inner\">\n\t\t\t\t<div class=\"elementor-element elementor-element-69e747e elementor-align-center elementor-widget elementor-widget-button\" data-id=\"69e747e\" data-element_type=\"widget\" data-e-type=\"widget\" data-widget_type=\"button.default\">\n\t\t\t\t<div class=\"elementor-widget-container\">\n\t\t\t\t\t\t\t\t\t<div class=\"elementor-button-wrapper\">\n\t\t\t\t\t<a class=\"elementor-button elementor-button-link elementor-size-sm\" href=\"https:\/\/sophie-soins-energetiques-cannes.com\/index.php\/soins-energetiques\/\">\n\t\t\t\t\t\t<span class=\"elementor-button-content-wrapper\">\n\t\t\t\t\t\t<span class=\"elementor-button-icon\">\n\t\t\t\t<svg aria-hidden=\"true\" class=\"e-font-icon-svg e-far-hand-point-right\" viewBox=\"0 0 512 512\" xmlns=\"http:\/\/www.w3.org\/2000\/svg\"><path d=\"M428.8 137.6h-86.177a115.52 115.52 0 0 0 2.176-22.4c0-47.914-35.072-83.2-92-83.2-45.314 0-57.002 48.537-75.707 78.784-7.735 12.413-16.994 23.317-25.851 33.253l-.131.146-.129.148C135.662 161.807 127.764 168 120.8 168h-2.679c-5.747-4.952-13.536-8-22.12-8H32c-17.673 0-32 12.894-32 28.8v230.4C0 435.106 14.327 448 32 448h64c8.584 0 16.373-3.048 22.12-8h2.679c28.688 0 67.137 40 127.2 40h21.299c62.542 0 98.8-38.658 99.94-91.145 12.482-17.813 18.491-40.785 15.985-62.791A93.148 93.148 0 0 0 393.152 304H428.8c45.435 0 83.2-37.584 83.2-83.2 0-45.099-38.101-83.2-83.2-83.2zm0 118.4h-91.026c12.837 14.669 14.415 42.825-4.95 61.05 11.227 19.646 1.687 45.624-12.925 53.625 6.524 39.128-10.076 61.325-50.6 61.325H248c-45.491 0-77.21-35.913-120-39.676V215.571c25.239-2.964 42.966-21.222 59.075-39.596 11.275-12.65 21.725-25.3 30.799-39.875C232.355 112.712 244.006 80 252.8 80c23.375 0 44 8.8 44 35.2 0 35.2-26.4 53.075-26.4 70.4h158.4c18.425 0 35.2 16.5 35.2 35.2 0 18.975-16.225 35.2-35.2 35.2zM88 384c0 13.255-10.745 24-24 24s-24-10.745-24-24 10.745-24 24-24 24 10.745 24 24z\"><\/path><\/svg>\t\t\t<\/span>\n\t\t\t\t\t\t\t\t\t<span class=\"elementor-button-text\">Pour le d\u00e9roulement d'une s\u00e9ance, voir ici<\/span>\n\t\t\t\t\t<\/span>\n\t\t\t\t\t<\/a>\n\t\t\t\t<\/div>\n\t\t\t\t\t\t\t\t<\/div>\n\t\t\t\t<\/div>\n\t\t\t\t\t<\/div>\n\t\t\t\t<\/div>\n\t\t\t\t<\/div>\n\t\t","protected":false},"excerpt":{"rendered":"<p>Coupure de feuHarmonisation \u00e9nerg\u00e9tique Le magn\u00e9tisme \u00a0est une pratique \u00e9nerg\u00e9tique qui vise \u00e0 r\u00e9tablir l\u2019\u00e9quilibre du corps et de l\u2019esprit. Cette approche favorise le bien-\u00eatre,&hellip;<\/p>\n","protected":false},"author":1,"featured_media":0,"parent":0,"menu_order":0,"comment_status":"closed","ping_status":"closed","template":"","meta":{"om_disable_all_campaigns":false,"_monsterinsights_skip_tracking":false,"_monsterinsights_sitenote_active":false,"_monsterinsights_sitenote_note":"","_monsterinsights_sitenote_category":0,"footnotes":""},"class_list":["post-132","page","type-page","status-publish","hentry"],"aioseo_notices":[],"_links":{"self":[{"href":"https:\/\/sophie-soins-energetiques-cannes.com\/index.php\/wp-json\/wp\/v2\/pages\/132","targetHints":{"allow":["GET"]}}],"collection":[{"href":"https:\/\/sophie-soins-energetiques-cannes.com\/index.php\/wp-json\/wp\/v2\/pages"}],"about":[{"href":"https:\/\/sophie-soins-energetiques-cannes.com\/index.php\/wp-json\/wp\/v2\/types\/page"}],"author":[{"embeddable":true,"href":"https:\/\/sophie-soins-energetiques-cannes.com\/index.php\/wp-json\/wp\/v2\/users\/1"}],"replies":[{"embeddable":true,"href":"https:\/\/sophie-soins-energetiques-cannes.com\/index.php\/wp-json\/wp\/v2\/comments?post=132"}],"version-history":[{"count":91,"href":"https:\/\/sophie-soins-energetiques-cannes.com\/index.php\/wp-json\/wp\/v2\/pages\/132\/revisions"}],"predecessor-version":[{"id":878,"href":"https:\/\/sophie-soins-energetiques-cannes.com\/index.php\/wp-json\/wp\/v2\/pages\/132\/revisions\/878"}],"wp:attachment":[{"href":"https:\/\/sophie-soins-energetiques-cannes.com\/index.php\/wp-json\/wp\/v2\/media?parent=132"}],"curies":[{"name":"wp","href":"https:\/\/api.w.org\/{rel}","templated":true}]}}